{"id":17,"date":"2025-03-04T09:03:10","date_gmt":"2025-03-04T09:03:10","guid":{"rendered":"https:\/\/congreso2025.sepneca.es\/?page_id=17"},"modified":"2025-05-14T11:15:06","modified_gmt":"2025-05-14T11:15:06","slug":"inicio","status":"publish","type":"page","link":"https:\/\/congreso2025.sepneca.es\/","title":{"rendered":"Inicio"},"content":{"rendered":"<p>[et_pb_section fb_built=\u00bb1&#8243; fullwidth=\u00bbon\u00bb admin_label=\u00bbHero Section\u00bb _builder_version=\u00bb4.16&#8243; global_colors_info=\u00bb{}\u00bb][et_pb_fullwidth_image src=\u00bbhttps:\/\/congreso2025.sepneca.es\/wp-content\/uploads\/2025\/04\/cabecera-congreso.png\u00bb title_text=\u00bbcabecera-congreso\u00bb _builder_version=\u00bb4.27.4&#8243; _module_preset=\u00bbdefault\u00bb global_colors_info=\u00bb{}\u00bb][\/et_pb_fullwidth_image][\/et_pb_section][et_pb_section fb_built=\u00bb1&#8243; admin_label=\u00bbOur Story Section\u00bb _builder_version=\u00bb4.27.4&#8243; custom_padding=\u00bb110px||110px|\u00bb global_colors_info=\u00bb{}\u00bb][et_pb_row admin_label=\u00bbTitle Area\u00bb _builder_version=\u00bb4.16&#8243; custom_padding=\u00bb28px|0px|27px|0px\u00bb global_colors_info=\u00bb{}\u00bb][et_pb_column type=\u00bb4_4&#8243; _builder_version=\u00bb4.16&#8243; custom_padding=\u00bb|||\u00bb global_colors_info=\u00bb{}\u00bb custom_padding__hover=\u00bb|||\u00bb][et_pb_text admin_label=\u00bbTitle\u00bb _builder_version=\u00bb4.27.4&#8243; text_font=\u00bb||||||||\u00bb header_font=\u00bb||||||||\u00bb header_2_font=\u00bbNunito||||||||\u00bb header_2_text_align=\u00bbcenter\u00bb header_2_text_color=\u00bb#263954&#8243; header_2_font_size=\u00bb36px\u00bb header_2_line_height=\u00bb1.4em\u00bb max_width=\u00bb600px\u00bb module_alignment=\u00bbcenter\u00bb custom_margin=\u00bb||5px|\u00bb animation_style=\u00bbfold\u00bb animation_direction=\u00bbbottom\u00bb animation_intensity_fold=\u00bb20%\u00bb animation_starting_opacity=\u00bb100%\u00bb global_colors_info=\u00bb{}\u00bb]<\/p>\n<h2>Estimadas\/os colegas y amigas\/os,<\/h2>\n<p>[\/et_pb_text][et_pb_divider color=\u00bb#0099e5&#8243; divider_position=\u00bbcenter\u00bb divider_weight=\u00bb2px\u00bb _builder_version=\u00bb4.16&#8243; max_width=\u00bb50px\u00bb module_alignment=\u00bbcenter\u00bb global_colors_info=\u00bb{}\u00bb][\/et_pb_divider][\/et_pb_column][\/et_pb_row][et_pb_row admin_label=\u00bbText Area\u00bb _builder_version=\u00bb4.16&#8243; global_colors_info=\u00bb{}\u00bb][et_pb_column type=\u00bb4_4&#8243; _builder_version=\u00bb4.16&#8243; custom_padding=\u00bb|||\u00bb global_colors_info=\u00bb{}\u00bb custom_padding__hover=\u00bb|||\u00bb][et_pb_text _builder_version=\u00bb4.27.4&#8243; text_font=\u00bb||||||||\u00bb text_text_color=\u00bb#707985&#8243; text_font_size=\u00bb15px\u00bb text_line_height=\u00bb1.8em\u00bb max_width=\u00bb800px\u00bb module_alignment=\u00bbcenter\u00bb custom_margin=\u00bb||35px|\u00bb animation_style=\u00bbfold\u00bb animation_direction=\u00bbbottom\u00bb animation_intensity_fold=\u00bb20%\u00bb animation_starting_opacity=\u00bb100%\u00bb global_colors_info=\u00bb{}\u00bb]<\/p>\n<p style=\"text-align: justify;\"><span style=\"font-size: large;\">Os damos la bienvenida al XIV Congreso de la Sociedad Espa\u00f1ola de Psicofisiolog\u00eda y Neurociencia Cognitiva y Afectiva (SEPNECA), que se celebrar\u00e1 los d\u00edas 8, 9 y 10 de octubre de 2025 en Baeza (Ja\u00e9n).<\/span><\/p>\n<p style=\"text-align: justify;\"><span style=\"font-size: large;\">Contaremos con la presencia de reconocidos investigadores internacionales y nacionales que impartir\u00e1n conferencias plenarias que esperamos sean de vuestro inter\u00e9s. En esta edici\u00f3n comenzaremos con un taller pre-congreso de car\u00e1cter pr\u00e1ctico que se celebrar\u00e1 durante la ma\u00f1ana del d\u00eda de apertura del congreso.<\/span><\/p>\n<p style=\"text-align: justify;\"><span style=\"font-size: large;\">Al igual que en eventos anteriores, esperamos que investigadores espa\u00f1oles e internacionales pod\u00e1is compartir vuestros resultados e inquietudes de investigaci\u00f3n en el campo de la psicofisiolog\u00eda y las neurociencias durante estos d\u00edas, poniendo de manifiesto el alto nivel cient\u00edfico que han alcanzado estas disciplinas en nuestro pa\u00eds.<\/span><\/p>\n<p style=\"text-align: justify;\"><span style=\"font-size: large;\">Adem\u00e1s de la parte cient\u00edfica del congreso, tendr\u00e9is la oportunidad de disfrutar de la ciudad de Baeza y la cercana \u00dabeda, ciudades renacentistas declaradas ambas Patrimonio de la Humanidad por la Unesco. Baeza combina su riqueza hist\u00f3rica y un ambiente tranquilo y acogedor, que esperamos fomente el intercambio cient\u00edfico y estreche nuestras relaciones.<\/span><\/p>\n<p style=\"text-align: justify;\"><span style=\"font-size: large;\">Desde el Comit\u00e9 Organizador del XIV Congreso de la SEPNECA os invitamos a reservar ya estas fechas en vuestros calendarios.<\/span><br \/><span style=\"font-size: large;\">Quedamos a vuestra disposici\u00f3n para cualquier consulta y esperamos con ilusi\u00f3n veros en Baeza en octubre de 2025.<\/span><\/p>\n<p><span style=\"font-size: large;\"><strong>El Comit\u00e9 Organizador<\/strong><\/span><\/p>\n<p>[\/et_pb_text][\/et_pb_column][\/et_pb_row][et_pb_row column_structure=\u00bb1_4,1_4,1_4,1_4&#8243; _builder_version=\u00bb4.27.4&#8243; _module_preset=\u00bbdefault\u00bb global_colors_info=\u00bb{}\u00bb][et_pb_column type=\u00bb1_4&#8243; _builder_version=\u00bb4.27.4&#8243; _module_preset=\u00bbdefault\u00bb global_colors_info=\u00bb{}\u00bb][et_pb_image src=\u00bbhttps:\/\/congreso2025.sepneca.es\/wp-content\/uploads\/2025\/03\/Group-1.png\u00bb title_text=\u00bbGroup 1&#8243; _builder_version=\u00bb4.27.4&#8243; _module_preset=\u00bbdefault\u00bb global_colors_info=\u00bb{}\u00bb][\/et_pb_image][\/et_pb_column][et_pb_column type=\u00bb1_4&#8243; _builder_version=\u00bb4.27.4&#8243; _module_preset=\u00bbdefault\u00bb global_colors_info=\u00bb{}\u00bb][et_pb_image src=\u00bbhttps:\/\/congreso2025.sepneca.es\/wp-content\/uploads\/2025\/03\/Group-2.png\u00bb title_text=\u00bbGroup 2&#8243; _builder_version=\u00bb4.27.4&#8243; _module_preset=\u00bbdefault\u00bb global_colors_info=\u00bb{}\u00bb][\/et_pb_image][\/et_pb_column][et_pb_column type=\u00bb1_4&#8243; _builder_version=\u00bb4.27.4&#8243; _module_preset=\u00bbdefault\u00bb global_colors_info=\u00bb{}\u00bb][et_pb_image src=\u00bbhttps:\/\/congreso2025.sepneca.es\/wp-content\/uploads\/2025\/03\/Group-3.png\u00bb title_text=\u00bbGroup 3&#8243; _builder_version=\u00bb4.27.4&#8243; _module_preset=\u00bbdefault\u00bb global_colors_info=\u00bb{}\u00bb][\/et_pb_image][\/et_pb_column][et_pb_column type=\u00bb1_4&#8243; _builder_version=\u00bb4.27.4&#8243; _module_preset=\u00bbdefault\u00bb global_colors_info=\u00bb{}\u00bb][et_pb_image src=\u00bbhttps:\/\/congreso2025.sepneca.es\/wp-content\/uploads\/2025\/03\/Group-4.png\u00bb title_text=\u00bbGroup 4&#8243; _builder_version=\u00bb4.27.4&#8243; _module_preset=\u00bbdefault\u00bb global_colors_info=\u00bb{}\u00bb][\/et_pb_image][\/et_pb_column][\/et_pb_row][et_pb_row column_structure=\u00bb1_4,1_4,1_4,1_4&#8243; _builder_version=\u00bb4.27.4&#8243; _module_preset=\u00bbdefault\u00bb global_colors_info=\u00bb{}\u00bb][et_pb_column type=\u00bb1_4&#8243; _builder_version=\u00bb4.27.4&#8243; _module_preset=\u00bbdefault\u00bb global_colors_info=\u00bb{}\u00bb][et_pb_image src=\u00bbhttps:\/\/congreso2025.sepneca.es\/wp-content\/uploads\/2025\/03\/Group-8.png\u00bb title_text=\u00bbGroup 8&#8243; _builder_version=\u00bb4.27.4&#8243; _module_preset=\u00bbdefault\u00bb global_colors_info=\u00bb{}\u00bb][\/et_pb_image][\/et_pb_column][et_pb_column type=\u00bb1_4&#8243; _builder_version=\u00bb4.27.4&#8243; _module_preset=\u00bbdefault\u00bb global_colors_info=\u00bb{}\u00bb][et_pb_image src=\u00bbhttps:\/\/congreso2025.sepneca.es\/wp-content\/uploads\/2025\/03\/Group-7.png\u00bb title_text=\u00bbGroup 7&#8243; _builder_version=\u00bb4.27.4&#8243; _module_preset=\u00bbdefault\u00bb global_colors_info=\u00bb{}\u00bb][\/et_pb_image][\/et_pb_column][et_pb_column type=\u00bb1_4&#8243; _builder_version=\u00bb4.27.4&#8243; _module_preset=\u00bbdefault\u00bb global_colors_info=\u00bb{}\u00bb][et_pb_image src=\u00bbhttps:\/\/congreso2025.sepneca.es\/wp-content\/uploads\/2025\/05\/cognition-logo-illustrated-scaled.png\u00bb _builder_version=\u00bb4.27.4&#8243; _module_preset=\u00bbdefault\u00bb title_text=\u00bbcognition-logo-illustrated\u00bb custom_margin=\u00bb90px||||false|false\u00bb hover_enabled=\u00bb0&#8243; sticky_enabled=\u00bb0&#8243;][\/et_pb_image][\/et_pb_column][et_pb_column type=\u00bb1_4&#8243; _builder_version=\u00bb4.27.4&#8243; _module_preset=\u00bbdefault\u00bb global_colors_info=\u00bb{}\u00bb][et_pb_image src=\u00bbhttps:\/\/congreso2025.sepneca.es\/wp-content\/uploads\/2025\/03\/Group-5.png\u00bb title_text=\u00bbGroup 5&#8243; _builder_version=\u00bb4.27.4&#8243; _module_preset=\u00bbdefault\u00bb global_colors_info=\u00bb{}\u00bb][\/et_pb_image][\/et_pb_column][\/et_pb_row][\/et_pb_section]<\/p>\n","protected":false},"excerpt":{"rendered":"<p>Estimadas\/os colegas y amigas\/os,Os damos la bienvenida al XIV Congreso de la Sociedad Espa\u00f1ola de Psicofisiolog\u00eda y Neurociencia Cognitiva y Afectiva (SEPNECA), que se celebrar\u00e1 los d\u00edas 8, 9 y 10 de octubre de 2025 en Baeza (Ja\u00e9n). Contaremos con la presencia de reconocidos investigadores internacionales y nacionales que impartir\u00e1n conferencias plenarias que esperamos sean [&hellip;]<\/p>\n","protected":false},"author":1,"featured_media":0,"parent":0,"menu_order":0,"comment_status":"closed","ping_status":"closed","template":"","meta":{"_et_pb_use_builder":"on","_et_pb_old_content":"<!-- wp:divi\/placeholder \/-->","_et_gb_content_width":"","footnotes":""},"class_list":["post-17","page","type-page","status-publish","hentry"],"_links":{"self":[{"href":"https:\/\/congreso2025.sepneca.es\/index.php\/wp-json\/wp\/v2\/pages\/17","targetHints":{"allow":["GET"]}}],"collection":[{"href":"https:\/\/congreso2025.sepneca.es\/index.php\/wp-json\/wp\/v2\/pages"}],"about":[{"href":"https:\/\/congreso2025.sepneca.es\/index.php\/wp-json\/wp\/v2\/types\/page"}],"author":[{"embeddable":true,"href":"https:\/\/congreso2025.sepneca.es\/index.php\/wp-json\/wp\/v2\/users\/1"}],"replies":[{"embeddable":true,"href":"https:\/\/congreso2025.sepneca.es\/index.php\/wp-json\/wp\/v2\/comments?post=17"}],"version-history":[{"count":18,"href":"https:\/\/congreso2025.sepneca.es\/index.php\/wp-json\/wp\/v2\/pages\/17\/revisions"}],"predecessor-version":[{"id":275,"href":"https:\/\/congreso2025.sepneca.es\/index.php\/wp-json\/wp\/v2\/pages\/17\/revisions\/275"}],"wp:attachment":[{"href":"https:\/\/congreso2025.sepneca.es\/index.php\/wp-json\/wp\/v2\/media?parent=17"}],"curies":[{"name":"wp","href":"https:\/\/api.w.org\/{rel}","templated":true}]}}