{"id":23,"date":"2025-03-04T09:04:00","date_gmt":"2025-03-04T09:04:00","guid":{"rendered":"https:\/\/congreso2025.sepneca.es\/?page_id=23"},"modified":"2025-09-10T10:40:11","modified_gmt":"2025-09-10T10:40:11","slug":"contribuciones","status":"publish","type":"page","link":"https:\/\/congreso2025.sepneca.es\/index.php\/contribuciones\/","title":{"rendered":"Contribuciones"},"content":{"rendered":"<p>[et_pb_section fb_built=\u00bb1&#8243; fullwidth=\u00bbon\u00bb admin_label=\u00bbHero Section\u00bb _builder_version=\u00bb4.16&#8243; global_colors_info=\u00bb{}\u00bb][et_pb_fullwidth_header title=\u00bbEnv\u00edo de Contribuciones\u00bb subhead=\u00bbFecha l\u00edmite de recepci\u00f3n de env\u00edos: ampliada al 7 de julio de 2025&#8243; text_orientation=\u00bbcenter\u00bb button_one_text=\u00bbEnviar Contribuci\u00f3n\u00bb button_one_url=\u00bbhttps:\/\/forms.gle\/4SyER5NvhmY6nzHz9&#8243; background_overlay_color=\u00bbrgba(0,0,0,0.1)\u00bb title_font_color=\u00bb#ffffff\u00bb subhead_font_color=\u00bb#ffffff\u00bb _builder_version=\u00bb4.27.4&#8243; title_font=\u00bbNunito||||||||\u00bb title_text_color=\u00bb#ffffff\u00bb title_font_size=\u00bb80px\u00bb content_font=\u00bb||||||||\u00bb subhead_font=\u00bbOpen Sans||||||||\u00bb subhead_text_color=\u00bb#ffffff\u00bb subhead_font_size=\u00bb24px\u00bb subhead_line_height=\u00bb1.6em\u00bb background_enable_color=\u00bboff\u00bb background_image=\u00bbhttps:\/\/congreso2025.sepneca.es\/wp-content\/uploads\/2025\/04\/Portada_SinPersonas_ENCABEZADOS.png\u00bb custom_button_one=\u00bbon\u00bb button_one_text_size=\u00bb14px\u00bb button_one_text_color=\u00bb#ffffff\u00bb button_one_bg_color=\u00bb#0099e5&#8243; button_one_border_width=\u00bb12px\u00bb button_one_border_color=\u00bb#0099e5&#8243; button_one_border_radius=\u00bb0px\u00bb button_one_letter_spacing=\u00bb2px\u00bb button_one_font=\u00bbNunito|700||on|||||\u00bb button_one_use_icon=\u00bboff\u00bb background_layout=\u00bblight\u00bb animation_style=\u00bbfade\u00bb link_option_url_new_window=\u00bbon\u00bb title_font_size_tablet=\u00bb\u00bb title_font_size_phone=\u00bb48px\u00bb title_font_size_last_edited=\u00bbon|phone\u00bb subhead_font_size_tablet=\u00bb\u00bb subhead_font_size_phone=\u00bb\u00bb subhead_font_size_last_edited=\u00bbon|phone\u00bb button_one_text_color_hover=\u00bb#ffffff\u00bb button_one_border_color_hover=\u00bb#0099e5&#8243; button_one_border_radius_hover=\u00bb0px\u00bb button_one_letter_spacing_hover=\u00bb2px\u00bb button_one_bg_color_hover=\u00bb#0099e5&#8243; global_colors_info=\u00bb{}\u00bb button_one_text_size__hover_enabled=\u00bboff\u00bb button_two_text_size__hover_enabled=\u00bboff\u00bb button_one_text_color__hover_enabled=\u00bbon\u00bb button_one_text_color__hover=\u00bb#ffffff\u00bb button_two_text_color__hover_enabled=\u00bboff\u00bb button_one_border_width__hover_enabled=\u00bboff\u00bb button_two_border_width__hover_enabled=\u00bboff\u00bb button_one_border_color__hover_enabled=\u00bbon\u00bb button_one_border_color__hover=\u00bb#0099e5&#8243; button_two_border_color__hover_enabled=\u00bboff\u00bb button_one_border_radius__hover_enabled=\u00bbon\u00bb button_one_border_radius__hover=\u00bb0px\u00bb button_two_border_radius__hover_enabled=\u00bboff\u00bb button_one_letter_spacing__hover_enabled=\u00bbon\u00bb button_one_letter_spacing__hover=\u00bb2px\u00bb button_two_letter_spacing__hover_enabled=\u00bboff\u00bb button_one_bg_color__hover_enabled=\u00bbon\u00bb button_one_bg_color__hover=\u00bb#0099e5&#8243; button_two_bg_color__hover_enabled=\u00bboff\u00bb][\/et_pb_fullwidth_header][\/et_pb_section][et_pb_section fb_built=\u00bb1&#8243; _builder_version=\u00bb4.27.4&#8243; _module_preset=\u00bbdefault\u00bb global_colors_info=\u00bb{}\u00bb][et_pb_row column_structure=\u00bb1_2,1_2&#8243; _builder_version=\u00bb4.27.4&#8243; _module_preset=\u00bbdefault\u00bb global_colors_info=\u00bb{}\u00bb][et_pb_column type=\u00bb1_2&#8243; _builder_version=\u00bb4.27.4&#8243; _module_preset=\u00bbdefault\u00bb global_colors_info=\u00bb{}\u00bb][et_pb_blurb title=\u00bbPresentaci\u00f3n   de   propuestas   para  la elaboraci\u00f3n de simposios y sesiones de posters.\u00bb _builder_version=\u00bb4.27.4&#8243; _module_preset=\u00bbdefault\u00bb header_text_align=\u00bbleft\u00bb header_font_size=\u00bb28px\u00bb header_line_height=\u00bb1.1em\u00bb body_text_align=\u00bbleft\u00bb body_font_size=\u00bb22px\u00bb body_line_height=\u00bb1.8em\u00bb text_orientation=\u00bbcenter\u00bb custom_margin=\u00bb0px||10px||false|false\u00bb global_colors_info=\u00bb{}\u00bb]<\/p>\n<p style=\"text-align: justify;\">\n<p style=\"text-align: justify;\"><span style=\"font-size: large;\">A trav\u00e9s del enlace de arriba se pueden enviar dos tipos de contribuciones: resumen para p\u00f3ster y propuesta para organizar un simposio.<\/span><\/p>\n<p style=\"text-align: justify;\"><span style=\"font-size: large;\">Los simposios se elaborar\u00e1n a partir de las propuestas de simposios presentadas y la selecci\u00f3n de propuestas para posters que se puedan agrupar en un simposio con coherencia tem\u00e1tica. Esta selecci\u00f3n tem\u00e1tica para la elaboraci\u00f3n de los simposios ser\u00e1 realizada por el Comit\u00e9 Cient\u00edfico.<\/span><\/p>\n<p style=\"text-align: justify;\"><span style=\"font-size: large;\">Las propuestas de simposios deben incluir 4-5 comunicaciones orales de 15-20 minutos de duraci\u00f3n. Los res\u00famenes de cada comunicaci\u00f3n-posters pueden tener una extensi\u00f3n m\u00e1xima de 250 palabras.<\/span><\/p>\n<p style=\"text-align: justify;\"><strong>Formato de p\u00f3ster:<\/strong> <span style=\"font-size: large;\">vertical, de 80 cm como m\u00e1ximo de ancho y 1,5 m como m\u00e1ximo de alto<\/span><\/p>\n<p style=\"text-align: justify;\"><span style=\"font-size: large;\"><\/span><\/p>\n<p>[\/et_pb_blurb][\/et_pb_column][et_pb_column type=\u00bb1_2&#8243; _builder_version=\u00bb4.27.4&#8243; _module_preset=\u00bbdefault\u00bb global_colors_info=\u00bb{}\u00bb][et_pb_blurb title=\u00bbPremios\u00bb _builder_version=\u00bb4.27.4&#8243; _module_preset=\u00bbdefault\u00bb header_text_align=\u00bbleft\u00bb header_font_size=\u00bb28px\u00bb header_line_height=\u00bb1.1em\u00bb body_text_align=\u00bbleft\u00bb body_font_size=\u00bb19px\u00bb text_orientation=\u00bbcenter\u00bb custom_margin=\u00bb0px||10px||false|false\u00bb global_colors_info=\u00bb{}\u00bb]<\/p>\n<p style=\"text-align: justify;\">\n<p style=\"text-align: justify;\">\n<p style=\"text-align: justify;\">\n<p style=\"text-align: justify;\">\n<p style=\"text-align: justify;\">\n<p style=\"text-align: justify;\">Se conceder\u00e1n los siguientes premios a las mejores comunicaciones y posters:<\/p>\n<p>&#8211; Comunicaci\u00f3n oral para investigadores\/as predoctorales<\/p>\n<p>&#8211; P\u00f3ster para investigadores\/as predoctorales<\/p>\n<p>&#8211; Comunicaci\u00f3n oral para investigadores\/as postdoctorales<\/p>\n<p>&#8211; P\u00f3ster para investigadores\/as postdoctorales<\/p>\n<p>1er premio: 100 \u20ac y 2\u00ba premio: 50 \u20ac<\/p>\n<p>&nbsp;<\/p>\n<p>M\u00e1s informaci\u00f3n en <a href=\"https:\/\/sepneca.es\/bolsas-de-viaje-y-menciones\/\">https:\/\/sepneca.es\/bolsas-de-viaje-y-menciones\/<\/a><\/p>\n<p>[\/et_pb_blurb][\/et_pb_column][\/et_pb_row][\/et_pb_section]<\/p>\n","protected":false},"excerpt":{"rendered":"<p>Presentaci\u00f3n de propuestas para la elaboraci\u00f3n de simposios y sesiones de posters.<\/p>\n<p>Los simposios se elaborar\u00e1n a partir de las propuestas de simposios presentadas y la selecci\u00f3n de propuestas para posters que se puedan agrupar en un simposio con coherencia tem\u00e1tica. Esta selecci\u00f3n tem\u00e1tica para la elaboraci\u00f3n de los simposios ser\u00e1 realizada por el Comit\u00e9 Cient\u00edfico. <\/p>\n<p>Las propuestas de simposios deben incluir 4-5 comunicaciones orales de 15-20 minutos de duraci\u00f3n. Los res\u00famenes de cada comunicaci\u00f3n-posters pueden tener una extensi\u00f3n m\u00e1xima de 250 palabras.<\/p>\n","protected":false},"author":1,"featured_media":0,"parent":0,"menu_order":0,"comment_status":"closed","ping_status":"closed","template":"","meta":{"_et_pb_use_builder":"on","_et_pb_old_content":"<!-- wp:divi\/placeholder \/-->","_et_gb_content_width":"","footnotes":""},"class_list":["post-23","page","type-page","status-publish","hentry"],"_links":{"self":[{"href":"https:\/\/congreso2025.sepneca.es\/index.php\/wp-json\/wp\/v2\/pages\/23","targetHints":{"allow":["GET"]}}],"collection":[{"href":"https:\/\/congreso2025.sepneca.es\/index.php\/wp-json\/wp\/v2\/pages"}],"about":[{"href":"https:\/\/congreso2025.sepneca.es\/index.php\/wp-json\/wp\/v2\/types\/page"}],"author":[{"embeddable":true,"href":"https:\/\/congreso2025.sepneca.es\/index.php\/wp-json\/wp\/v2\/users\/1"}],"replies":[{"embeddable":true,"href":"https:\/\/congreso2025.sepneca.es\/index.php\/wp-json\/wp\/v2\/comments?post=23"}],"version-history":[{"count":26,"href":"https:\/\/congreso2025.sepneca.es\/index.php\/wp-json\/wp\/v2\/pages\/23\/revisions"}],"predecessor-version":[{"id":305,"href":"https:\/\/congreso2025.sepneca.es\/index.php\/wp-json\/wp\/v2\/pages\/23\/revisions\/305"}],"wp:attachment":[{"href":"https:\/\/congreso2025.sepneca.es\/index.php\/wp-json\/wp\/v2\/media?parent=23"}],"curies":[{"name":"wp","href":"https:\/\/api.w.org\/{rel}","templated":true}]}}