{"id":25,"date":"2025-03-04T09:04:15","date_gmt":"2025-03-04T09:04:15","guid":{"rendered":"https:\/\/congreso2025.sepneca.es\/?page_id=25"},"modified":"2025-05-20T17:12:10","modified_gmt":"2025-05-20T17:12:10","slug":"comites","status":"publish","type":"page","link":"https:\/\/congreso2025.sepneca.es\/index.php\/comites\/","title":{"rendered":"Comit\u00e9s"},"content":{"rendered":"<p>[et_pb_section fb_built=\u00bb1&#8243; fullwidth=\u00bbon\u00bb admin_label=\u00bbHero Section\u00bb _builder_version=\u00bb4.16&#8243; locked=\u00bboff\u00bb global_colors_info=\u00bb{}\u00bb][et_pb_fullwidth_header title=\u00bbComit\u00e9s\u00bb text_orientation=\u00bbcenter\u00bb background_overlay_color=\u00bbrgba(0,0,0,0.1)\u00bb title_font_color=\u00bb#ffffff\u00bb subhead_font_color=\u00bb#ffffff\u00bb _builder_version=\u00bb4.27.4&#8243; title_font=\u00bbNunito||||||||\u00bb title_text_color=\u00bb#ffffff\u00bb title_font_size=\u00bb80px\u00bb content_font=\u00bb||||||||\u00bb subhead_font=\u00bbOpen Sans||||||||\u00bb subhead_text_color=\u00bb#ffffff\u00bb subhead_font_size=\u00bb24px\u00bb subhead_line_height=\u00bb1.6em\u00bb background_color=\u00bbrgba(255, 255, 255, 0)\u00bb background_image=\u00bbhttps:\/\/congreso2025.sepneca.es\/wp-content\/uploads\/2025\/04\/Portada_SinPersonas_ENCABEZADOS.png\u00bb custom_button_one=\u00bbon\u00bb button_one_text_size=\u00bb14px\u00bb button_one_text_color=\u00bb#ffffff\u00bb button_one_bg_color=\u00bb#0099e5&#8243; button_one_border_width=\u00bb12px\u00bb button_one_border_color=\u00bb#0099e5&#8243; button_one_border_radius=\u00bb0px\u00bb button_one_letter_spacing=\u00bb2px\u00bb button_one_font=\u00bbNunito|700||on|||||\u00bb button_one_use_icon=\u00bboff\u00bb background_layout=\u00bblight\u00bb custom_margin=\u00bb|||\u00bb custom_padding=\u00bb10%||10%|\u00bb animation_style=\u00bbfade\u00bb title_font_size_tablet=\u00bb\u00bb title_font_size_phone=\u00bb48px\u00bb title_font_size_last_edited=\u00bbon|phone\u00bb subhead_font_size_tablet=\u00bb\u00bb subhead_font_size_phone=\u00bb\u00bb subhead_font_size_last_edited=\u00bbon|phone\u00bb button_one_text_color_hover=\u00bb#ffffff\u00bb button_one_border_color_hover=\u00bb#0099e5&#8243; button_one_border_radius_hover=\u00bb0px\u00bb button_one_letter_spacing_hover=\u00bb2px\u00bb button_one_bg_color_hover=\u00bb#0099e5&#8243; global_colors_info=\u00bb{}\u00bb button_one_text_size__hover_enabled=\u00bboff\u00bb button_two_text_size__hover_enabled=\u00bboff\u00bb button_one_text_color__hover_enabled=\u00bbon\u00bb button_one_text_color__hover=\u00bb#ffffff\u00bb button_two_text_color__hover_enabled=\u00bboff\u00bb button_one_border_width__hover_enabled=\u00bboff\u00bb button_two_border_width__hover_enabled=\u00bboff\u00bb button_one_border_color__hover_enabled=\u00bbon\u00bb button_one_border_color__hover=\u00bb#0099e5&#8243; button_two_border_color__hover_enabled=\u00bboff\u00bb button_one_border_radius__hover_enabled=\u00bbon\u00bb button_one_border_radius__hover=\u00bb0px\u00bb button_two_border_radius__hover_enabled=\u00bboff\u00bb button_one_letter_spacing__hover_enabled=\u00bbon\u00bb button_one_letter_spacing__hover=\u00bb2px\u00bb button_two_letter_spacing__hover_enabled=\u00bboff\u00bb button_one_bg_color__hover_enabled=\u00bbon\u00bb button_one_bg_color__hover=\u00bb#0099e5&#8243; button_two_bg_color__hover_enabled=\u00bboff\u00bb][\/et_pb_fullwidth_header][\/et_pb_section][et_pb_section fb_built=\u00bb1&#8243; admin_label=\u00bbFAQ Section\u00bb _builder_version=\u00bb4.16&#8243; custom_padding=\u00bb110px||110px|\u00bb global_colors_info=\u00bb{}\u00bb][et_pb_row admin_label=\u00bbTitle Area\u00bb _builder_version=\u00bb4.16&#8243; global_colors_info=\u00bb{}\u00bb][et_pb_column type=\u00bb4_4&#8243; _builder_version=\u00bb4.16&#8243; custom_padding=\u00bb|||\u00bb global_colors_info=\u00bb{}\u00bb custom_padding__hover=\u00bb|||\u00bb][et_pb_text admin_label=\u00bbTitle\u00bb _builder_version=\u00bb4.27.4&#8243; text_font=\u00bb||||||||\u00bb header_font=\u00bb||||||||\u00bb header_2_font=\u00bbNunito||||||||\u00bb header_2_text_align=\u00bbcenter\u00bb header_2_text_color=\u00bb#263954&#8243; header_2_font_size=\u00bb36px\u00bb header_2_line_height=\u00bb1.4em\u00bb max_width=\u00bb700px\u00bb module_alignment=\u00bbcenter\u00bb custom_margin=\u00bb||5px|\u00bb animation_style=\u00bbfold\u00bb animation_direction=\u00bbbottom\u00bb animation_intensity_fold=\u00bb20%\u00bb animation_starting_opacity=\u00bb100%\u00bb global_colors_info=\u00bb{}\u00bb]<\/p>\n<h2>Comit\u00e9s XIV Congreso de la SEPNECA<\/h2>\n<p>[\/et_pb_text][et_pb_divider color=\u00bb#0099e5&#8243; divider_position=\u00bbcenter\u00bb divider_weight=\u00bb2px\u00bb _builder_version=\u00bb4.16&#8243; max_width=\u00bb50px\u00bb module_alignment=\u00bbcenter\u00bb global_colors_info=\u00bb{}\u00bb][\/et_pb_divider][\/et_pb_column][\/et_pb_row][et_pb_row column_structure=\u00bb1_2,1_2&#8243; admin_label=\u00bbRow\u00bb _builder_version=\u00bb4.16&#8243; global_colors_info=\u00bb{}\u00bb][et_pb_column type=\u00bb1_2&#8243; _builder_version=\u00bb4.16&#8243; custom_padding=\u00bb|||\u00bb global_colors_info=\u00bb{}\u00bb custom_padding__hover=\u00bb|||\u00bb][et_pb_text admin_label=\u00bbFAQ\u00bb _builder_version=\u00bb4.27.4&#8243; text_font=\u00bb||||||||\u00bb text_text_color=\u00bb#707985&#8243; text_font_size=\u00bb15px\u00bb text_line_height=\u00bb1.8em\u00bb header_font=\u00bb||||||||\u00bb header_2_font=\u00bb||||||||\u00bb header_3_font=\u00bbNunito||||||||\u00bb header_3_text_color=\u00bb#263954&#8243; header_3_font_size=\u00bb24px\u00bb header_3_line_height=\u00bb1.1em\u00bb custom_margin=\u00bb|||\u00bb animation_style=\u00bbfold\u00bb animation_direction=\u00bbbottom\u00bb animation_intensity_fold=\u00bb20%\u00bb animation_starting_opacity=\u00bb100%\u00bb locked=\u00bboff\u00bb global_colors_info=\u00bb{}\u00bb]<\/p>\n<h3>COMIT\u00c9 CIENT\u00cdFICO<\/h3>\n<p>&#8211; Almudena Capilla Gonz\u00e1lez (Universidad Aut\u00f3noma de Madrid)<br \/>&#8211; Luis Ciria P\u00e9rez (Universidad de Granada)<br \/>&#8211; Claudia Poch P\u00e9rez-Botija (Universidad Nebrija)<br \/>&#8211; Elisabeth Ruiz Padial (Universidad de Ja\u00e9n)<br \/>&#8211; Gustavo A. Reyes del Paso (Universidad de Ja\u00e9n)<br \/>&#8211; Mamen Pastor (Universitat Jaume I)<br \/>&#8211; Paco Mercado (Universidad Rey Juan Carlos)<br \/>&#8211; Juan Pedro S\u00e1nchez Navarro (Universidad de Murcia)<br \/>&#8211; Sara Puig (Universitat de Valencia)<br \/>&#8211; Jos\u00e9 Antonio Hinojosa (Universidad Complutense de Madrid)<br \/>&#8211; Casandra Montoro (Universidad de Ja\u00e9n)<br \/>&#8211; Maite Carrillo (Universidad Santiago de Compostela)<br \/>&#8211; Iria San Miguel (Universitat de Barcelona)<br \/>&#8211; Esteban Sarrias (Universidad de C\u00e1diz)<br \/>&#8211; Ana Francisca Palenciano (Universidad de Granada)<br \/>&#8211; Jos\u00e9 Luis Mata Mart\u00edn (Universidad de Granada)<\/p>\n<p>[\/et_pb_text][\/et_pb_column][et_pb_column type=\u00bb1_2&#8243; _builder_version=\u00bb4.16&#8243; custom_padding=\u00bb|||\u00bb global_colors_info=\u00bb{}\u00bb custom_padding__hover=\u00bb|||\u00bb][et_pb_text admin_label=\u00bbFAQ\u00bb _builder_version=\u00bb4.27.4&#8243; text_font=\u00bb||||||||\u00bb text_text_color=\u00bb#707985&#8243; text_font_size=\u00bb15px\u00bb text_line_height=\u00bb1.8em\u00bb header_font=\u00bb||||||||\u00bb header_2_font=\u00bb||||||||\u00bb header_3_font=\u00bbNunito||||||||\u00bb header_3_text_color=\u00bb#263954&#8243; header_3_font_size=\u00bb24px\u00bb header_3_line_height=\u00bb1.1em\u00bb custom_margin=\u00bb0px||||false|false\u00bb animation_style=\u00bbfold\u00bb animation_direction=\u00bbbottom\u00bb animation_intensity_fold=\u00bb20%\u00bb animation_starting_opacity=\u00bb100%\u00bb locked=\u00bboff\u00bb global_colors_info=\u00bb{}\u00bb]<\/p>\n<h3>\u00a0COMIT\u00c9 ORGANIZADOR<\/h3>\n<p style=\"text-align: left;\">-Elisabeth Ruiz Padial (Universidad de Ja\u00e9n)<br \/>-Gustavo A. Reyes del Paso (Universidad de Ja\u00e9n)-<br \/>-Casandra Montoro Aguilar (Universidad de Ja\u00e9n)<br \/>-Rafael Delgado Rodr\u00edguez (Universidad de Ja\u00e9n)<br \/>-Pablo de la Coba Gonz\u00e1lez (Universidad de Extremadura)<br \/>-Ailyn Garc\u00eda Hern\u00e1ndez (Universidad de Ja\u00e9n)<br \/>-Cristina Morato Gabao (Universidad de Ja\u00e9n)<br \/>-Carmen Galvez S\u00e1nchez (Universidad de Murcia)<br \/>-Dolores Santiago Ram\u00edrez (Universidad de Ja\u00e9n)<br \/>-Pilar Ruiz Medina (Universidad de Ja\u00e9n)<br \/>-Carlos G\u00f3mez Ariza (Universidad de Ja\u00e9n)<br \/>-Silvia Moreno Dom\u00ednguez (Universidad de Ja\u00e9n)<br \/>-Mar\u00eda Moreno Padilla (Universidad de Ja\u00e9n)\u00a0 \u00a0 \u00a0 \u00a0 \u00a0 \u00a0 \u00a0 \u00a0 \u00a0 \u00a0 \u00a0 \u00a0 \u00a0 \u00a0 \u00a0 \u00a0 \u00a0 \u00a0 \u00a0 \u00a0 \u00a0 \u00a0 \u00a0 \u00a0 \u00a0 \u00a0 -Bel\u00e9n Moreno Garrido (Universidad de Ja\u00e9n)<\/p>\n<p>[\/et_pb_text][\/et_pb_column][\/et_pb_row][\/et_pb_section]<\/p>\n","protected":false},"excerpt":{"rendered":"<p>Comit\u00e9s XIV Congreso de la SEPNECACOMIT\u00c9 CIENT\u00cdFICO &#8211; Almudena Capilla Gonz\u00e1lez (Universidad Aut\u00f3noma de Madrid)- Luis Ciria P\u00e9rez (Universidad de Granada)- Claudia Poch P\u00e9rez-Botija (Universidad Nebrija)- Elisabeth Ruiz Padial (Universidad de Ja\u00e9n)- Gustavo A. Reyes del Paso (Universidad de Ja\u00e9n)- Mamen Pastor (Universitat Jaume I)- Paco Mercado (Universidad Rey Juan Carlos)- Juan Pedro S\u00e1nchez Navarro [&hellip;]<\/p>\n","protected":false},"author":1,"featured_media":0,"parent":0,"menu_order":0,"comment_status":"closed","ping_status":"closed","template":"","meta":{"_et_pb_use_builder":"on","_et_pb_old_content":"<!-- wp:divi\/placeholder \/-->","_et_gb_content_width":"","footnotes":""},"class_list":["post-25","page","type-page","status-publish","hentry"],"_links":{"self":[{"href":"https:\/\/congreso2025.sepneca.es\/index.php\/wp-json\/wp\/v2\/pages\/25","targetHints":{"allow":["GET"]}}],"collection":[{"href":"https:\/\/congreso2025.sepneca.es\/index.php\/wp-json\/wp\/v2\/pages"}],"about":[{"href":"https:\/\/congreso2025.sepneca.es\/index.php\/wp-json\/wp\/v2\/types\/page"}],"author":[{"embeddable":true,"href":"https:\/\/congreso2025.sepneca.es\/index.php\/wp-json\/wp\/v2\/users\/1"}],"replies":[{"embeddable":true,"href":"https:\/\/congreso2025.sepneca.es\/index.php\/wp-json\/wp\/v2\/comments?post=25"}],"version-history":[{"count":9,"href":"https:\/\/congreso2025.sepneca.es\/index.php\/wp-json\/wp\/v2\/pages\/25\/revisions"}],"predecessor-version":[{"id":277,"href":"https:\/\/congreso2025.sepneca.es\/index.php\/wp-json\/wp\/v2\/pages\/25\/revisions\/277"}],"wp:attachment":[{"href":"https:\/\/congreso2025.sepneca.es\/index.php\/wp-json\/wp\/v2\/media?parent=25"}],"curies":[{"name":"wp","href":"https:\/\/api.w.org\/{rel}","templated":true}]}}