{"id":27,"date":"2025-03-04T09:04:32","date_gmt":"2025-03-04T09:04:32","guid":{"rendered":"https:\/\/congreso2025.sepneca.es\/?page_id=27"},"modified":"2025-04-04T11:36:20","modified_gmt":"2025-04-04T11:36:20","slug":"sede-y-alojamiento","status":"publish","type":"page","link":"https:\/\/congreso2025.sepneca.es\/index.php\/sede-y-alojamiento\/","title":{"rendered":"Sede y Alojamiento"},"content":{"rendered":"<p>[et_pb_section fb_built=\u00bb1&#8243; fullwidth=\u00bbon\u00bb admin_label=\u00bbHero Section\u00bb _builder_version=\u00bb4.16&#8243; locked=\u00bboff\u00bb global_colors_info=\u00bb{}\u00bb][et_pb_fullwidth_header title=\u00bbSede y Alojamiento\u00bb text_orientation=\u00bbcenter\u00bb button_one_url=\u00bbhttps:\/\/congreso2025.sepneca.es\/wp-content\/uploads\/2025\/03\/tabla-programa.pdf\u00bb background_overlay_color=\u00bbrgba(0,0,0,0.1)\u00bb title_font_color=\u00bb#ffffff\u00bb subhead_font_color=\u00bb#ffffff\u00bb _builder_version=\u00bb4.27.4&#8243; title_font=\u00bbNunito||||||||\u00bb title_text_color=\u00bb#ffffff\u00bb title_font_size=\u00bb80px\u00bb content_font=\u00bb||||||||\u00bb subhead_font=\u00bbOpen Sans||||||||\u00bb subhead_text_color=\u00bb#ffffff\u00bb subhead_font_size=\u00bb24px\u00bb subhead_line_height=\u00bb1.6em\u00bb background_color=\u00bbrgba(255, 255, 255, 0)\u00bb background_image=\u00bbhttps:\/\/congreso2025.sepneca.es\/wp-content\/uploads\/2025\/04\/Portada_SinPersonas_ENCABEZADOS.png\u00bb custom_button_one=\u00bbon\u00bb button_one_text_size=\u00bb14px\u00bb button_one_text_color=\u00bb#ffffff\u00bb button_one_bg_color=\u00bb#0099e5&#8243; button_one_border_width=\u00bb12px\u00bb button_one_border_color=\u00bb#0099e5&#8243; button_one_border_radius=\u00bb0px\u00bb button_one_letter_spacing=\u00bb2px\u00bb button_one_font=\u00bbNunito|700||on|||||\u00bb button_one_use_icon=\u00bboff\u00bb background_layout=\u00bblight\u00bb custom_margin=\u00bb|||\u00bb custom_padding=\u00bb10%||10%|\u00bb animation_style=\u00bbfade\u00bb title_font_size_tablet=\u00bb\u00bb title_font_size_phone=\u00bb48px\u00bb title_font_size_last_edited=\u00bbon|phone\u00bb subhead_font_size_tablet=\u00bb\u00bb subhead_font_size_phone=\u00bb\u00bb subhead_font_size_last_edited=\u00bbon|phone\u00bb button_one_text_color_hover=\u00bb#ffffff\u00bb button_one_border_color_hover=\u00bb#0099e5&#8243; button_one_border_radius_hover=\u00bb0px\u00bb button_one_letter_spacing_hover=\u00bb2px\u00bb button_one_bg_color_hover=\u00bb#0099e5&#8243; global_colors_info=\u00bb{}\u00bb button_one_text_size__hover_enabled=\u00bboff\u00bb button_two_text_size__hover_enabled=\u00bboff\u00bb button_one_text_color__hover_enabled=\u00bbon\u00bb button_one_text_color__hover=\u00bb#ffffff\u00bb button_two_text_color__hover_enabled=\u00bboff\u00bb button_one_border_width__hover_enabled=\u00bboff\u00bb button_two_border_width__hover_enabled=\u00bboff\u00bb button_one_border_color__hover_enabled=\u00bbon\u00bb button_one_border_color__hover=\u00bb#0099e5&#8243; button_two_border_color__hover_enabled=\u00bboff\u00bb button_one_border_radius__hover_enabled=\u00bbon\u00bb button_one_border_radius__hover=\u00bb0px\u00bb button_two_border_radius__hover_enabled=\u00bboff\u00bb button_one_letter_spacing__hover_enabled=\u00bbon\u00bb button_one_letter_spacing__hover=\u00bb2px\u00bb button_two_letter_spacing__hover_enabled=\u00bboff\u00bb button_one_bg_color__hover_enabled=\u00bbon\u00bb button_one_bg_color__hover=\u00bb#0099e5&#8243; button_two_bg_color__hover_enabled=\u00bboff\u00bb][\/et_pb_fullwidth_header][\/et_pb_section][et_pb_section fb_built=\u00bb1&#8243; admin_label=\u00bbFAQ Section\u00bb _builder_version=\u00bb4.16&#8243; custom_padding=\u00bb110px||110px|\u00bb global_colors_info=\u00bb{}\u00bb][et_pb_row admin_label=\u00bbTitle Area\u00bb _builder_version=\u00bb4.16&#8243; global_colors_info=\u00bb{}\u00bb][et_pb_column type=\u00bb4_4&#8243; _builder_version=\u00bb4.16&#8243; custom_padding=\u00bb|||\u00bb global_colors_info=\u00bb{}\u00bb custom_padding__hover=\u00bb|||\u00bb][et_pb_text admin_label=\u00bbTitle\u00bb _builder_version=\u00bb4.27.4&#8243; text_font=\u00bb||||||||\u00bb header_font=\u00bb||||||||\u00bb header_2_font=\u00bbNunito||||||||\u00bb header_2_text_align=\u00bbcenter\u00bb header_2_text_color=\u00bb#263954&#8243; header_2_font_size=\u00bb36px\u00bb header_2_line_height=\u00bb1.4em\u00bb max_width=\u00bb700px\u00bb module_alignment=\u00bbcenter\u00bb custom_margin=\u00bb||5px|\u00bb animation_style=\u00bbfold\u00bb animation_direction=\u00bbbottom\u00bb animation_intensity_fold=\u00bb20%\u00bb animation_starting_opacity=\u00bb100%\u00bb global_colors_info=\u00bb{}\u00bb]<\/p>\n<h2>XIV Congreso de la SEPNECA<\/h2>\n<p>[\/et_pb_text][et_pb_divider color=\u00bb#0099e5&#8243; divider_position=\u00bbcenter\u00bb divider_weight=\u00bb2px\u00bb _builder_version=\u00bb4.16&#8243; max_width=\u00bb50px\u00bb module_alignment=\u00bbcenter\u00bb global_colors_info=\u00bb{}\u00bb][\/et_pb_divider][\/et_pb_column][\/et_pb_row][et_pb_row column_structure=\u00bb1_3,1_3,1_3&#8243; admin_label=\u00bbRow\u00bb _builder_version=\u00bb4.16&#8243; global_colors_info=\u00bb{}\u00bb][et_pb_column type=\u00bb1_3&#8243; _builder_version=\u00bb4.16&#8243; custom_padding=\u00bb|||\u00bb global_colors_info=\u00bb{}\u00bb custom_padding__hover=\u00bb|||\u00bb][et_pb_text admin_label=\u00bbFAQ\u00bb _builder_version=\u00bb4.27.4&#8243; text_font=\u00bb||||||||\u00bb text_text_color=\u00bb#707985&#8243; text_font_size=\u00bb15px\u00bb text_line_height=\u00bb1.8em\u00bb header_font=\u00bb||||||||\u00bb header_2_font=\u00bb||||||||\u00bb header_3_font=\u00bbNunito||||||||\u00bb header_3_text_color=\u00bb#263954&#8243; header_3_font_size=\u00bb24px\u00bb header_3_line_height=\u00bb1.1em\u00bb custom_margin=\u00bb|||\u00bb animation_style=\u00bbfold\u00bb animation_direction=\u00bbbottom\u00bb animation_intensity_fold=\u00bb20%\u00bb animation_starting_opacity=\u00bb100%\u00bb locked=\u00bboff\u00bb global_colors_info=\u00bb{}\u00bb]<\/p>\n<h3>Sede del Congreso<\/h3>\n<p style=\"text-align: justify;\">El congreso se organiza conjuntamente entre la Universidad de Ja\u00e9n y la Universidad Internacional de Andaluc\u00eda (UNIA), y se celebrar\u00e1 en la Sede Antonio Machado de la UNIA, en el Palacio de Jabalquinto (Baeza).<\/p>\n<p><a href=\"https:\/\/www.unia.es\/la-unia\/sedes\/sede-de-baeza\" target=\"_blank\" rel=\"noopener\">https:\/\/www.unia.es\/la-unia\/sedes\/sede-de-baeza<\/a><\/p>\n<p>[\/et_pb_text][\/et_pb_column][et_pb_column type=\u00bb1_3&#8243; _builder_version=\u00bb4.16&#8243; custom_padding=\u00bb|||\u00bb global_colors_info=\u00bb{}\u00bb custom_padding__hover=\u00bb|||\u00bb][et_pb_text admin_label=\u00bbFAQ\u00bb _builder_version=\u00bb4.27.4&#8243; text_font=\u00bb||||||||\u00bb text_text_color=\u00bb#707985&#8243; text_font_size=\u00bb15px\u00bb text_line_height=\u00bb1.8em\u00bb header_font=\u00bb||||||||\u00bb header_2_font=\u00bb||||||||\u00bb header_3_font=\u00bbNunito||||||||\u00bb header_3_text_color=\u00bb#263954&#8243; header_3_font_size=\u00bb24px\u00bb header_3_line_height=\u00bb1.1em\u00bb custom_margin=\u00bb|||\u00bb animation_style=\u00bbfold\u00bb animation_direction=\u00bbbottom\u00bb animation_intensity_fold=\u00bb20%\u00bb animation_starting_opacity=\u00bb100%\u00bb hover_enabled=\u00bb0&#8243; locked=\u00bboff\u00bb global_colors_info=\u00bb{}\u00bb sticky_enabled=\u00bb0&#8243;]<\/p>\n<h3>Opciones de alojamiento<\/h3>\n<p><a href=\"https:\/\/www.unia.es\/residencias\" target=\"_blank\" rel=\"noopener\">Residencia Universitaria<\/a><br \/><a href=\"https:\/\/congreso2025.sepneca.es\/wp-content\/uploads\/2025\/03\/BOLETIN-SEPNECA_RESIDENCIA-UNIA.docx\">Reserva aqu\u00ed<\/a><\/p>\n<p>&nbsp;<\/p>\n<p>Para ver otras opciones de alojamiento en Baeza pincha <a href=\"https:\/\/turismo.baeza.net\/alojamiento-en-baeza\/\">aqu\u00ed<\/a><\/p>\n<p>[\/et_pb_text][\/et_pb_column][et_pb_column type=\u00bb1_3&#8243; _builder_version=\u00bb4.16&#8243; custom_padding=\u00bb|||\u00bb global_colors_info=\u00bb{}\u00bb custom_padding__hover=\u00bb|||\u00bb][et_pb_text admin_label=\u00bbFAQ\u00bb _builder_version=\u00bb4.27.4&#8243; text_font=\u00bb||||||||\u00bb text_text_color=\u00bb#707985&#8243; text_font_size=\u00bb15px\u00bb text_line_height=\u00bb1.8em\u00bb header_font=\u00bb||||||||\u00bb header_2_font=\u00bb||||||||\u00bb header_3_font=\u00bbNunito||||||||\u00bb header_3_text_color=\u00bb#263954&#8243; header_3_font_size=\u00bb24px\u00bb header_3_line_height=\u00bb1.1em\u00bb custom_margin=\u00bb|||\u00bb animation_style=\u00bbfold\u00bb animation_direction=\u00bbbottom\u00bb animation_intensity_fold=\u00bb20%\u00bb animation_starting_opacity=\u00bb100%\u00bb locked=\u00bboff\u00bb global_colors_info=\u00bb{}\u00bb]<\/p>\n<h3>Como llegar<\/h3>\n<p>Mejores rutas y medios:<\/p>\n<ul>\n<li><a href=\"https:\/\/congreso2025.sepneca.es\/wp-content\/uploads\/2025\/03\/Como-llegar-resumido.docx.pdf\" target=\"_blank\" rel=\"noopener\">Indicaciones resumidas<\/a><\/li>\n<li><a href=\"https:\/\/congreso2025.sepneca.es\/wp-content\/uploads\/2025\/03\/Como-llegar-detallado.docx.pdf\" target=\"_blank\" rel=\"noopener\">Indicaciones detalladas<\/a><\/li>\n<\/ul>\n<p>[\/et_pb_text][\/et_pb_column][\/et_pb_row][\/et_pb_section]<\/p>\n","protected":false},"excerpt":{"rendered":"<p>XIV Congreso de la SEPNECASede del Congreso El congreso se organiza conjuntamente entre la Universidad de Ja\u00e9n y la Universidad Internacional de Andaluc\u00eda (UNIA), y se celebrar\u00e1 en la Sede Antonio Machado de la UNIA, en el Palacio de Jabalquinto (Baeza). https:\/\/www.unia.es\/la-unia\/sedes\/sede-de-baezaOpciones de alojamiento Residencia UniversitariaReserva aqu\u00ed &nbsp; Para ver otras opciones de alojamiento en [&hellip;]<\/p>\n","protected":false},"author":1,"featured_media":0,"parent":0,"menu_order":0,"comment_status":"closed","ping_status":"closed","template":"","meta":{"_et_pb_use_builder":"on","_et_pb_old_content":"<!-- wp:divi\/placeholder \/-->","_et_gb_content_width":"","footnotes":""},"class_list":["post-27","page","type-page","status-publish","hentry"],"_links":{"self":[{"href":"https:\/\/congreso2025.sepneca.es\/index.php\/wp-json\/wp\/v2\/pages\/27","targetHints":{"allow":["GET"]}}],"collection":[{"href":"https:\/\/congreso2025.sepneca.es\/index.php\/wp-json\/wp\/v2\/pages"}],"about":[{"href":"https:\/\/congreso2025.sepneca.es\/index.php\/wp-json\/wp\/v2\/types\/page"}],"author":[{"embeddable":true,"href":"https:\/\/congreso2025.sepneca.es\/index.php\/wp-json\/wp\/v2\/users\/1"}],"replies":[{"embeddable":true,"href":"https:\/\/congreso2025.sepneca.es\/index.php\/wp-json\/wp\/v2\/comments?post=27"}],"version-history":[{"count":9,"href":"https:\/\/congreso2025.sepneca.es\/index.php\/wp-json\/wp\/v2\/pages\/27\/revisions"}],"predecessor-version":[{"id":263,"href":"https:\/\/congreso2025.sepneca.es\/index.php\/wp-json\/wp\/v2\/pages\/27\/revisions\/263"}],"wp:attachment":[{"href":"https:\/\/congreso2025.sepneca.es\/index.php\/wp-json\/wp\/v2\/media?parent=27"}],"curies":[{"name":"wp","href":"https:\/\/api.w.org\/{rel}","templated":true}]}}