{"id":72,"date":"2025-03-04T10:00:30","date_gmt":"2025-03-04T10:00:30","guid":{"rendered":"https:\/\/congreso2025.sepneca.es\/?page_id=72"},"modified":"2025-09-29T08:28:43","modified_gmt":"2025-09-29T08:28:43","slug":"programa-social","status":"publish","type":"page","link":"https:\/\/congreso2025.sepneca.es\/index.php\/programa-social\/","title":{"rendered":"Programa Social"},"content":{"rendered":"<p>[et_pb_section fb_built=\u00bb1&#8243; fullwidth=\u00bbon\u00bb admin_label=\u00bbHero Section\u00bb _builder_version=\u00bb4.16&#8243; locked=\u00bboff\u00bb global_colors_info=\u00bb{}\u00bb][et_pb_fullwidth_header title=\u00bbPrograma Social\u00bb text_orientation=\u00bbcenter\u00bb background_overlay_color=\u00bbrgba(0,0,0,0.1)\u00bb title_font_color=\u00bb#ffffff\u00bb subhead_font_color=\u00bb#ffffff\u00bb disabled_on=\u00bboff|off|off\u00bb _builder_version=\u00bb4.27.4&#8243; title_font=\u00bbNunito||||||||\u00bb title_text_color=\u00bb#ffffff\u00bb title_font_size=\u00bb80px\u00bb content_font=\u00bb||||||||\u00bb subhead_font=\u00bbOpen Sans||||||||\u00bb subhead_text_color=\u00bb#ffffff\u00bb subhead_font_size=\u00bb24px\u00bb subhead_line_height=\u00bb1.6em\u00bb background_color=\u00bbrgba(255, 255, 255, 0)\u00bb background_image=\u00bbhttps:\/\/congreso2025.sepneca.es\/wp-content\/uploads\/2025\/04\/Portada_SinPersonas_ENCABEZADOS.png\u00bb custom_button_one=\u00bbon\u00bb button_one_text_size=\u00bb14px\u00bb button_one_text_color=\u00bb#ffffff\u00bb button_one_border_width=\u00bb12px\u00bb button_one_border_color=\u00bb#0099e5&#8243; button_one_border_radius=\u00bb0px\u00bb button_one_letter_spacing=\u00bb2px\u00bb button_one_font=\u00bbNunito|700||on|||||\u00bb button_one_use_icon=\u00bboff\u00bb background_layout=\u00bblight\u00bb custom_margin=\u00bb|||\u00bb custom_padding=\u00bb10%||10%|\u00bb animation_style=\u00bbfade\u00bb title_font_size_tablet=\u00bb\u00bb title_font_size_phone=\u00bb48px\u00bb title_font_size_last_edited=\u00bbon|phone\u00bb subhead_font_size_tablet=\u00bb\u00bb subhead_font_size_phone=\u00bb\u00bb subhead_font_size_last_edited=\u00bbon|phone\u00bb button_one_text_color_hover=\u00bb#ffffff\u00bb button_one_border_color_hover=\u00bb#0099e5&#8243; button_one_border_radius_hover=\u00bb0px\u00bb button_one_letter_spacing_hover=\u00bb2px\u00bb button_one_bg_color_hover=\u00bb#0099e5&#8243; global_colors_info=\u00bb{}\u00bb button_one_text_size__hover_enabled=\u00bboff\u00bb button_two_text_size__hover_enabled=\u00bboff\u00bb button_one_text_color__hover_enabled=\u00bbon\u00bb button_one_text_color__hover=\u00bb#ffffff\u00bb button_two_text_color__hover_enabled=\u00bboff\u00bb button_one_border_width__hover_enabled=\u00bboff\u00bb button_two_border_width__hover_enabled=\u00bboff\u00bb button_one_border_color__hover_enabled=\u00bbon\u00bb button_one_border_color__hover=\u00bb#0099e5&#8243; button_two_border_color__hover_enabled=\u00bboff\u00bb button_one_border_radius__hover_enabled=\u00bbon\u00bb button_one_border_radius__hover=\u00bb0px\u00bb button_two_border_radius__hover_enabled=\u00bboff\u00bb button_one_letter_spacing__hover_enabled=\u00bbon\u00bb button_one_letter_spacing__hover=\u00bb2px\u00bb button_two_letter_spacing__hover_enabled=\u00bboff\u00bb button_one_bg_color__hover_enabled=\u00bbon\u00bb button_one_bg_color__hover=\u00bb#0099e5&#8243; button_two_bg_color__hover_enabled=\u00bboff\u00bb][\/et_pb_fullwidth_header][\/et_pb_section][et_pb_section fb_built=\u00bb1&#8243; admin_label=\u00bbFAQ Section\u00bb _builder_version=\u00bb4.16&#8243; custom_padding=\u00bb110px||110px|\u00bb global_colors_info=\u00bb{}\u00bb][et_pb_row admin_label=\u00bbTitle Area\u00bb _builder_version=\u00bb4.16&#8243; global_colors_info=\u00bb{}\u00bb][et_pb_column type=\u00bb4_4&#8243; _builder_version=\u00bb4.16&#8243; custom_padding=\u00bb|||\u00bb global_colors_info=\u00bb{}\u00bb custom_padding__hover=\u00bb|||\u00bb][et_pb_text admin_label=\u00bbTitle\u00bb _builder_version=\u00bb4.27.4&#8243; text_font=\u00bb||||||||\u00bb header_font=\u00bb||||||||\u00bb header_2_font=\u00bbNunito||||||||\u00bb header_2_text_align=\u00bbcenter\u00bb header_2_text_color=\u00bb#263954&#8243; header_2_font_size=\u00bb36px\u00bb header_2_line_height=\u00bb1.4em\u00bb max_width=\u00bb700px\u00bb module_alignment=\u00bbcenter\u00bb custom_margin=\u00bb||5px|\u00bb animation_style=\u00bbfold\u00bb animation_direction=\u00bbbottom\u00bb animation_intensity_fold=\u00bb20%\u00bb animation_starting_opacity=\u00bb100%\u00bb global_colors_info=\u00bb{}\u00bb]<\/p>\n<h2>Programa Social XIV Congreso de la SEPNECA<\/h2>\n<p>[\/et_pb_text][et_pb_divider color=\u00bb#0099e5&#8243; divider_position=\u00bbcenter\u00bb divider_weight=\u00bb2px\u00bb _builder_version=\u00bb4.16&#8243; max_width=\u00bb50px\u00bb module_alignment=\u00bbcenter\u00bb global_colors_info=\u00bb{}\u00bb][\/et_pb_divider][\/et_pb_column][\/et_pb_row][et_pb_row column_structure=\u00bb1_3,1_3,1_3&#8243; admin_label=\u00bbRow\u00bb _builder_version=\u00bb4.27.4&#8243; global_colors_info=\u00bb{}\u00bb][et_pb_column type=\u00bb1_3&#8243; _builder_version=\u00bb4.16&#8243; custom_padding=\u00bb|||\u00bb global_colors_info=\u00bb{}\u00bb custom_padding__hover=\u00bb|||\u00bb][et_pb_text admin_label=\u00bbFAQ\u00bb _builder_version=\u00bb4.27.4&#8243; text_font=\u00bb||||||||\u00bb text_text_color=\u00bb#707985&#8243; text_font_size=\u00bb15px\u00bb text_line_height=\u00bb1.8em\u00bb header_font=\u00bb||||||||\u00bb header_2_font=\u00bb||||||||\u00bb header_3_font=\u00bbNunito||||||||\u00bb header_3_text_color=\u00bb#263954&#8243; header_3_font_size=\u00bb24px\u00bb header_3_line_height=\u00bb1.1em\u00bb custom_margin=\u00bb|||\u00bb custom_padding=\u00bb3px|||||\u00bb animation_style=\u00bbfold\u00bb animation_direction=\u00bbbottom\u00bb animation_intensity_fold=\u00bb20%\u00bb animation_starting_opacity=\u00bb100%\u00bb locked=\u00bboff\u00bb global_colors_info=\u00bb{}\u00bb]<\/p>\n<h3>Martes 7 de Octubre<\/h3>\n<p><a href=\"https:\/\/congreso2025.sepneca.es\/wp-content\/uploads\/2025\/09\/Info-Neurobeers.pdf\">Neurobeers<\/a>. Neurocinem\u00e1tica: El cerebro a trav\u00e9s del cine. Lugar: Caf\u00e9 Teatro Central. Hora: 20:00 h\u00a0\u00a0<\/p>\n<p><a href=\"https:\/\/congreso2025.sepneca.es\/wp-content\/uploads\/2025\/09\/NBXVIIedicion.jpg\">Cartel<\/a> e <a href=\"https:\/\/forms.gle\/57NXWve9z6ivaMEx8\">Inscripciones<\/a><\/p>\n<p>&nbsp;<\/p>\n<p>&nbsp;<\/p>\n<p>[\/et_pb_text][\/et_pb_column][et_pb_column type=\u00bb1_3&#8243; _builder_version=\u00bb4.16&#8243; custom_padding=\u00bb|||\u00bb global_colors_info=\u00bb{}\u00bb custom_padding__hover=\u00bb|||\u00bb][et_pb_text admin_label=\u00bbFAQ\u00bb _builder_version=\u00bb4.27.4&#8243; text_font=\u00bb||||||||\u00bb text_text_color=\u00bb#707985&#8243; text_font_size=\u00bb15px\u00bb text_line_height=\u00bb1.8em\u00bb header_font=\u00bb||||||||\u00bb header_2_font=\u00bb||||||||\u00bb header_3_font=\u00bbNunito||||||||\u00bb header_3_text_color=\u00bb#263954&#8243; header_3_font_size=\u00bb24px\u00bb header_3_line_height=\u00bb1.1em\u00bb custom_margin=\u00bb|||\u00bb animation_style=\u00bbfold\u00bb animation_direction=\u00bbbottom\u00bb animation_intensity_fold=\u00bb20%\u00bb animation_starting_opacity=\u00bb100%\u00bb locked=\u00bboff\u00bb global_colors_info=\u00bb{}\u00bb]<\/p>\n<h3>Mi\u00e9rcoles 8 de Octubre<\/h3>\n<p>Visita guiada a Baeza. Hora: 16:00 h. Lugar: Palacio de Jabalquinto.<\/p>\n<p>C\u00f3ctel de bienvenida. Lugar: Convento de San Francisco. Hora: 19:00 h<\/p>\n<p>Concierto de <a href=\"https:\/\/www.instagram.com\/coverlandjaen\/\">Coverland<\/a>. Lugar: Caf\u00e9 Teatro Central. Hora: 22:00 h<\/p>\n<p>[\/et_pb_text][\/et_pb_column][et_pb_column type=\u00bb1_3&#8243; _builder_version=\u00bb4.16&#8243; custom_padding=\u00bb|||\u00bb global_colors_info=\u00bb{}\u00bb custom_padding__hover=\u00bb|||\u00bb][et_pb_text admin_label=\u00bbFAQ\u00bb _builder_version=\u00bb4.27.4&#8243; text_font=\u00bb||||||||\u00bb text_text_color=\u00bb#707985&#8243; text_font_size=\u00bb15px\u00bb text_line_height=\u00bb1.8em\u00bb header_font=\u00bb||||||||\u00bb header_2_font=\u00bb||||||||\u00bb header_3_font=\u00bbNunito||||||||\u00bb header_3_text_color=\u00bb#263954&#8243; header_3_font_size=\u00bb24px\u00bb header_3_line_height=\u00bb1.1em\u00bb custom_margin=\u00bb|||\u00bb animation_style=\u00bbfold\u00bb animation_direction=\u00bbbottom\u00bb animation_intensity_fold=\u00bb20%\u00bb animation_starting_opacity=\u00bb100%\u00bb locked=\u00bboff\u00bb global_colors_info=\u00bb{}\u00bb]<\/p>\n<h3>Jueves 9 de Octubre<\/h3>\n<p>Cena de gala. Lugar: Hotel Puerta de la Luna. Hora: 21 h. <a href=\"https:\/\/congreso2025.sepneca.es\/wp-content\/uploads\/2025\/09\/Menu-Cena-SEPNECA_not.pdf\">Men\u00fa<\/a>.<\/p>\n<p>[\/et_pb_text][\/et_pb_column][\/et_pb_row][\/et_pb_section]<\/p>\n","protected":false},"excerpt":{"rendered":"<p>Programa Social XIV Congreso de la SEPNECAMartes 7 de Octubre Neurobeers. Neurocinem\u00e1tica: El cerebro a trav\u00e9s del cine. Lugar: Caf\u00e9 Teatro Central. Hora: 20:00 h\u00a0\u00a0 Cartel e Inscripciones &nbsp; &nbsp;Mi\u00e9rcoles 8 de Octubre Visita guiada a Baeza. Hora: 16:00 h. Lugar: Palacio de Jabalquinto. C\u00f3ctel de bienvenida. Lugar: Convento de San Francisco. Hora: 19:00 h [&hellip;]<\/p>\n","protected":false},"author":1,"featured_media":0,"parent":0,"menu_order":0,"comment_status":"closed","ping_status":"closed","template":"","meta":{"_et_pb_use_builder":"on","_et_pb_old_content":"<!-- wp:divi\/placeholder \/-->","_et_gb_content_width":"","footnotes":""},"class_list":["post-72","page","type-page","status-publish","hentry"],"_links":{"self":[{"href":"https:\/\/congreso2025.sepneca.es\/index.php\/wp-json\/wp\/v2\/pages\/72","targetHints":{"allow":["GET"]}}],"collection":[{"href":"https:\/\/congreso2025.sepneca.es\/index.php\/wp-json\/wp\/v2\/pages"}],"about":[{"href":"https:\/\/congreso2025.sepneca.es\/index.php\/wp-json\/wp\/v2\/types\/page"}],"author":[{"embeddable":true,"href":"https:\/\/congreso2025.sepneca.es\/index.php\/wp-json\/wp\/v2\/users\/1"}],"replies":[{"embeddable":true,"href":"https:\/\/congreso2025.sepneca.es\/index.php\/wp-json\/wp\/v2\/comments?post=72"}],"version-history":[{"count":25,"href":"https:\/\/congreso2025.sepneca.es\/index.php\/wp-json\/wp\/v2\/pages\/72\/revisions"}],"predecessor-version":[{"id":324,"href":"https:\/\/congreso2025.sepneca.es\/index.php\/wp-json\/wp\/v2\/pages\/72\/revisions\/324"}],"wp:attachment":[{"href":"https:\/\/congreso2025.sepneca.es\/index.php\/wp-json\/wp\/v2\/media?parent=72"}],"curies":[{"name":"wp","href":"https:\/\/api.w.org\/{rel}","templated":true}]}}